{"id":76,"date":"2019-04-16T18:49:22","date_gmt":"2019-04-16T16:49:22","guid":{"rendered":"https:\/\/labmedchem.unipv.it\/?page_id=76"},"modified":"2023-01-30T14:53:50","modified_gmt":"2023-01-30T13:53:50","slug":"collaborazioni","status":"publish","type":"page","link":"https:\/\/labmedchem.unipv.it\/index.php\/collaborazioni\/","title":{"rendered":"Co-operations"},"content":{"rendered":"\n<p class=\"has-large-font-size\"><strong>National collaborations:<\/strong><\/p>\n\n\n\n<p class=\"has-medium-font-size\"><strong>UNIVERSITY OF PAVIA<\/strong><\/p>\n\n\n\n<p><strong>@Biology and Biotechnology Department \u201cL. Spallanzani\u201d<\/strong><br>Marco Peviani<\/p>\n\n\n\n<p><strong>@Drug Science Department, Biopharmaceutics and Formulation Development Laboratory<\/strong><br>Silvia Rossi<\/p>\n\n\n\n<p><strong>@Drug Science Department, Pharmaceutical Synthesis Unit<\/strong><br>Marcello Di Giacomo<\/p>\n\n\n\n<p><strong>@Drug Sciences Department, Section of Pharmacology<\/strong><br>Mayra Paolillo<br>Marialaura Amadio<br>Alessia Pascale<\/p>\n\n\n\n<p><strong>@Department&nbsp;of Molecular Medicine<\/strong><br>Giampiero Pietrocola<\/p>\n\n\n\n<p> <strong>@Department of Molecular Medicine, Section of Human Physiology<\/strong><br>Umberto Laforenza<\/p>\n\n\n\n<p class=\"has-medium-font-size\"><meta charset=\"utf-8\"><strong>UNIVERSITY OF MILANO BICOCCA<\/strong><\/p>\n\n\n\n<p><strong>@Experimental Neurology Unit<\/strong><br>Giorgio Cavaletti<br><meta charset=\"utf-8\">Mariarosaria Miloso  <br>Alessio Malacrida<br>Arianna Scuteri<\/p>\n\n\n\n<p class=\"has-medium-font-size\"><strong>IRCCS FONDAZIONE MONDINO, PAVIA<\/strong><\/p>\n\n\n\n<p>Saverio Robustelli Della Cuna<\/p>\n\n\n\n<p class=\"has-medium-font-size\"><strong>IRCCS, MELDOLA, FC<\/strong><\/p>\n\n\n\n<p><strong>@Laboratorio di Radiobiologia e Farmacologia Preclinica<\/strong><br>Anna Tesei<\/p>\n\n\n\n<p><strong>CNR, Milano<\/strong><\/p>\n\n\n\n<p><strong>@Istituto di Scienze e Tecnologie Chimiche (SCITEC)<\/strong><br>Laura Ragona<\/p>\n\n\n\n<p class=\"has-medium-font-size\"><strong>UNIVERSITY OF MILAN<\/strong><\/p>\n\n\n\n<p><strong>@Chemistry Department<\/strong><br>Francesca Vasile<\/p>\n\n\n\n<p><strong>UNIVERSITY &#8220;MAGNA GRAECIA&#8221; OF CATANZARO<\/strong><\/p>\n\n\n\n<p><strong>@Department of Health Sciences<\/strong><br>Giosu\u00e8 Costa<br>Stefano Alcaro<\/p>\n\n\n\n<p><strong>UNIVERSITY OF TRENTO<\/strong><\/p>\n\n\n\n<p><strong>@Department of Cellular, Computational and Integrative Biology CIBIO<\/strong><br><ins>Alessandro Provenzani<\/ins><br><ins>Chiara Zucal<\/ins><\/p>\n\n\n\n<p class=\"has-large-font-size\"><strong>International collaborations<\/strong><\/p>\n\n\n\n<p class=\"has-medium-font-size\"><strong>UNIVERSITY OF M\u00dcNSTER, GERMANY<\/strong><\/p>\n\n\n\n<p><strong>@Institute of Pharmaceutical and Medicinal Chemistry<\/strong><br>B. W\u00fcnsch<\/p>\n\n\n\n<p class=\"has-medium-font-size\"><strong>UNIVERSIDAD DE TALCA, CILE <\/strong><\/p>\n\n\n\n<p><strong>@Center for Bioinformatics and Molecular Simulations<\/strong><br>J. Caballero<\/p>\n\n\n\n<p class=\"has-medium-font-size\"><strong>UNIVERSITY OF SAARBR\u00dcCKEN, GERMANY<\/strong><\/p>\n\n\n\n<p><strong>@Helmholtz Institute for Pharmaceutical Research Saarland (HIPS)<\/strong><br>A.K.H. Hirsch<\/p>\n\n\n\n<p class=\"has-medium-font-size\"><strong>HELMHOLTZ ZENTRUM M\u00dcNCHEN, GERMANY<\/strong><\/p>\n\n\n\n<p><strong>@Institute of Structural Biology<\/strong><br>M. Sattler<\/p>\n\n\n\n<p class=\"has-medium-font-size\"><strong>UNIVERSITY OF COIMBRA, PORTUGAL<\/strong><\/p>\n\n\n\n<p><strong>@Center for Neurosciences and Cell Biology<\/strong><br>M. Sousa<\/p>\n\n\n\n<p class=\"has-medium-font-size\"><strong>UNIVERSIDADE DO PORTO, InBIO, VAIR\u00c3O, PORTUGAL<\/strong><\/p>\n\n\n\n<p><strong>@Centro de Investiga\u00e7\u00e3o em Biodiversidade e Recursos Gen\u00e9ticos<br><\/strong>M. Machado<\/p>\n\n\n\n<p class=\"has-medium-font-size\"><strong>UNIVERSITY OF VIENNA<\/strong><\/p>\n\n\n\n<p><strong>@Department of Pharmaceutical Sciences, Division of Pharmaceutical Chemistry \u2013 Faculty of Life Sciences<\/strong><br>T. Langer<\/p>\n\n\n\n<p class=\"has-medium-font-size\"><strong>UNIVERSITY OF INNSBRUCK<\/strong><\/p>\n\n\n\n<p><strong>@Department of Pharmaceutical Chemistry and Center for Molecular Biosciences<\/strong><\/p>\n","protected":false},"excerpt":{"rendered":"<p>National collaborations: UNIVERSITY OF PAVIA @Biology and Biotechnology Department \u201cL. Spallanzani\u201dMarco Peviani @Drug Science Department, Biopharmaceutics and Formulation Development LaboratorySilvia Rossi @Drug Science Department, Pharmaceutical<\/p>\n","protected":false},"author":1,"featured_media":0,"parent":0,"menu_order":0,"comment_status":"closed","ping_status":"closed","template":"","meta":[],"_links":{"self":[{"href":"https:\/\/labmedchem.unipv.it\/index.php\/wp-json\/wp\/v2\/pages\/76"}],"collection":[{"href":"https:\/\/labmedchem.unipv.it\/index.php\/wp-json\/wp\/v2\/pages"}],"about":[{"href":"https:\/\/labmedchem.unipv.it\/index.php\/wp-json\/wp\/v2\/types\/page"}],"author":[{"embeddable":true,"href":"https:\/\/labmedchem.unipv.it\/index.php\/wp-json\/wp\/v2\/users\/1"}],"replies":[{"embeddable":true,"href":"https:\/\/labmedchem.unipv.it\/index.php\/wp-json\/wp\/v2\/comments?post=76"}],"version-history":[{"count":12,"href":"https:\/\/labmedchem.unipv.it\/index.php\/wp-json\/wp\/v2\/pages\/76\/revisions"}],"predecessor-version":[{"id":763,"href":"https:\/\/labmedchem.unipv.it\/index.php\/wp-json\/wp\/v2\/pages\/76\/revisions\/763"}],"wp:attachment":[{"href":"https:\/\/labmedchem.unipv.it\/index.php\/wp-json\/wp\/v2\/media?parent=76"}],"curies":[{"name":"wp","href":"https:\/\/api.w.org\/{rel}","templated":true}]}}